{"id":1150,"date":"2020-10-01T23:42:05","date_gmt":"2020-10-01T21:42:05","guid":{"rendered":"https:\/\/isabeljuarez.developallin.com\/?page_id=1150"},"modified":"2021-04-07T10:35:32","modified_gmt":"2021-04-07T08:35:32","slug":"contacto","status":"publish","type":"page","link":"https:\/\/ijuarez.com\/ca\/contacto\/","title":{"rendered":"Contacte"},"content":{"rendered":"\t\t<div data-elementor-type=\"wp-post\" data-elementor-id=\"1150\" class=\"elementor elementor-1150 elementor-207\" data-elementor-settings=\"[]\">\n\t\t\t\t\t\t<div class=\"elementor-inner\">\n\t\t\t\t\t\t\t<div class=\"elementor-section-wrap\">\n\t\t\t\t\t\t\t<section class=\"elementor-section elementor-top-section elementor-element elementor-element-6b3b03b elementor-section-boxed elementor-section-height-default elementor-section-height-default\" data-id=\"6b3b03b\" data-element_type=\"section\" data-settings=\"{&quot;background_background&quot;:&quot;classic&quot;}\">\n\t\t\t\t\t\t\t<div class=\"elementor-background-overlay\"><\/div>\n\t\t\t\t\t\t\t<div class=\"elementor-container elementor-column-gap-default\">\n\t\t\t\t\t\t\t<div class=\"elementor-row\">\n\t\t\t\t\t<div class=\"elementor-column elementor-col-100 elementor-top-column elementor-element elementor-element-97b21ae\" data-id=\"97b21ae\" data-element_type=\"column\">\n\t\t\t<div class=\"elementor-column-wrap\">\n\t\t\t\t\t\t\t<div class=\"elementor-widget-wrap\">\n\t\t\t\t\t\t\t\t<\/div>\n\t\t\t\t\t<\/div>\n\t\t<\/div>\n\t\t\t\t\t\t\t\t<\/div>\n\t\t\t\t\t<\/div>\n\t\t<\/section>\n\t\t\t\t<section class=\"elementor-section elementor-top-section elementor-element elementor-element-51ddb08 elementor-section-boxed elementor-section-height-default elementor-section-height-default\" data-id=\"51ddb08\" data-element_type=\"section\">\n\t\t\t\t\t\t<div class=\"elementor-container elementor-column-gap-default\">\n\t\t\t\t\t\t\t<div class=\"elementor-row\">\n\t\t\t\t\t<div class=\"elementor-column elementor-col-100 elementor-top-column elementor-element elementor-element-eeb94c7\" data-id=\"eeb94c7\" data-element_type=\"column\">\n\t\t\t<div class=\"elementor-column-wrap elementor-element-populated\">\n\t\t\t\t\t\t\t<div class=\"elementor-widget-wrap\">\n\t\t\t\t\t\t<div class=\"elementor-element elementor-element-18f736c elementor-invisible elementor-widget elementor-widget-text-editor\" data-id=\"18f736c\" data-element_type=\"widget\" data-settings=\"{&quot;_animation&quot;:&quot;fadeIn&quot;}\" data-widget_type=\"text-editor.default\">\n\t\t\t\t<div class=\"elementor-widget-container\">\n\t\t\t\t\t<div class=\"elementor-text-editor elementor-clearfix\"><p>Operem a tot Espanya amb oficina a Masnou (El), Barcelona.<\/p>\n<p>El nostre horari d&#8217;oficina \u00e9s de dilluns a dijous de 9 a 18 hs i els divendres de 9 a 15 hs.<\/p>\n<\/div>\n\t\t\t\t<\/div>\n\t\t\t\t<\/div>\n\t\t\t\t\t\t<\/div>\n\t\t\t\t\t<\/div>\n\t\t<\/div>\n\t\t\t\t\t\t\t\t<\/div>\n\t\t\t\t\t<\/div>\n\t\t<\/section>\n\t\t\t\t<section class=\"elementor-section elementor-top-section elementor-element elementor-element-f393446 elementor-section-boxed elementor-section-height-default elementor-section-height-default\" data-id=\"f393446\" data-element_type=\"section\">\n\t\t\t\t\t\t<div class=\"elementor-container elementor-column-gap-default\">\n\t\t\t\t\t\t\t<div class=\"elementor-row\">\n\t\t\t\t\t<div class=\"elementor-column elementor-col-33 elementor-top-column elementor-element elementor-element-3c3acb6\" data-id=\"3c3acb6\" data-element_type=\"column\">\n\t\t\t<div class=\"elementor-column-wrap elementor-element-populated\">\n\t\t\t\t\t\t\t<div class=\"elementor-widget-wrap\">\n\t\t\t\t\t\t<div class=\"elementor-element elementor-element-7f7b745 elementor-position-left elementor-view-default elementor-vertical-align-top elementor-invisible elementor-widget elementor-widget-icon-box\" data-id=\"7f7b745\" data-element_type=\"widget\" data-settings=\"{&quot;_animation&quot;:&quot;fadeIn&quot;}\" data-widget_type=\"icon-box.default\">\n\t\t\t\t<div class=\"elementor-widget-container\">\n\t\t\t\t\t<div class=\"elementor-icon-box-wrapper\">\n\t\t\t\t\t\t<div class=\"elementor-icon-box-icon\">\n\t\t\t\t<span class=\"elementor-icon elementor-animation-\" >\n\t\t\t\t<i aria-hidden=\"true\" class=\"fas fa-map-pin\"><\/i>\t\t\t\t<\/span>\n\t\t\t<\/div>\n\t\t\t\t\t\t<div class=\"elementor-icon-box-content\">\n\t\t\t\t<h3 class=\"elementor-icon-box-title\">\n\t\t\t\t\t<span >Adre\u00e7a<\/span>\n\t\t\t\t<\/h3>\n\t\t\t\t\t\t\t\t<p class=\"elementor-icon-box-description\">Passeig Joan Carles I, n. 7, 4-2\r\n08320 El Masnou (Barcelona)<\/p>\n\t\t\t\t\t\t\t<\/div>\n\t\t<\/div>\n\t\t\t\t<\/div>\n\t\t\t\t<\/div>\n\t\t\t\t\t\t<\/div>\n\t\t\t\t\t<\/div>\n\t\t<\/div>\n\t\t\t\t<div class=\"elementor-column elementor-col-33 elementor-top-column elementor-element elementor-element-bd6153c\" data-id=\"bd6153c\" data-element_type=\"column\">\n\t\t\t<div class=\"elementor-column-wrap elementor-element-populated\">\n\t\t\t\t\t\t\t<div class=\"elementor-widget-wrap\">\n\t\t\t\t\t\t<div class=\"elementor-element elementor-element-45b3b8a elementor-position-left elementor-view-default elementor-vertical-align-top elementor-invisible elementor-widget elementor-widget-icon-box\" data-id=\"45b3b8a\" data-element_type=\"widget\" data-settings=\"{&quot;_animation&quot;:&quot;fadeIn&quot;}\" data-widget_type=\"icon-box.default\">\n\t\t\t\t<div class=\"elementor-widget-container\">\n\t\t\t\t\t<div class=\"elementor-icon-box-wrapper\">\n\t\t\t\t\t\t<div class=\"elementor-icon-box-icon\">\n\t\t\t\t<a class=\"elementor-icon elementor-animation-\" href=\"tel:+34608790562\">\n\t\t\t\t<i aria-hidden=\"true\" class=\"fas fa-phone\"><\/i>\t\t\t\t<\/a>\n\t\t\t<\/div>\n\t\t\t\t\t\t<div class=\"elementor-icon-box-content\">\n\t\t\t\t<h3 class=\"elementor-icon-box-title\">\n\t\t\t\t\t<a href=\"tel:+34608790562\">Tel\u00e8fono<\/a>\n\t\t\t\t<\/h3>\n\t\t\t\t\t\t\t\t<p class=\"elementor-icon-box-description\">+34 608 790 562<\/p>\n\t\t\t\t\t\t\t<\/div>\n\t\t<\/div>\n\t\t\t\t<\/div>\n\t\t\t\t<\/div>\n\t\t\t\t\t\t<\/div>\n\t\t\t\t\t<\/div>\n\t\t<\/div>\n\t\t\t\t<div class=\"elementor-column elementor-col-33 elementor-top-column elementor-element elementor-element-c40e364\" data-id=\"c40e364\" data-element_type=\"column\">\n\t\t\t<div class=\"elementor-column-wrap elementor-element-populated\">\n\t\t\t\t\t\t\t<div class=\"elementor-widget-wrap\">\n\t\t\t\t\t\t<div class=\"elementor-element elementor-element-fa56d34 elementor-position-left elementor-view-default elementor-vertical-align-top elementor-invisible elementor-widget elementor-widget-icon-box\" data-id=\"fa56d34\" data-element_type=\"widget\" data-settings=\"{&quot;_animation&quot;:&quot;fadeIn&quot;,&quot;_animation_delay&quot;:&quot;400&quot;}\" data-widget_type=\"icon-box.default\">\n\t\t\t\t<div class=\"elementor-widget-container\">\n\t\t\t\t\t<div class=\"elementor-icon-box-wrapper\">\n\t\t\t\t\t\t<div class=\"elementor-icon-box-icon\">\n\t\t\t\t<a class=\"elementor-icon elementor-animation-\" href=\"mailto:info@ijuarez.com\">\n\t\t\t\t<i aria-hidden=\"true\" class=\"fas fa-envelope\"><\/i>\t\t\t\t<\/a>\n\t\t\t<\/div>\n\t\t\t\t\t\t<div class=\"elementor-icon-box-content\">\n\t\t\t\t<h3 class=\"elementor-icon-box-title\">\n\t\t\t\t\t<a href=\"mailto:info@ijuarez.com\">Email<\/a>\n\t\t\t\t<\/h3>\n\t\t\t\t\t\t\t\t<p class=\"elementor-icon-box-description\">info@ijuarez.com<\/p>\n\t\t\t\t\t\t\t<\/div>\n\t\t<\/div>\n\t\t\t\t<\/div>\n\t\t\t\t<\/div>\n\t\t\t\t\t\t<\/div>\n\t\t\t\t\t<\/div>\n\t\t<\/div>\n\t\t\t\t\t\t\t\t<\/div>\n\t\t\t\t\t<\/div>\n\t\t<\/section>\n\t\t\t\t<section class=\"elementor-section elementor-top-section elementor-element elementor-element-da160cf elementor-section-boxed elementor-section-height-default elementor-section-height-default\" data-id=\"da160cf\" data-element_type=\"section\">\n\t\t\t\t\t\t<div class=\"elementor-container elementor-column-gap-default\">\n\t\t\t\t\t\t\t<div class=\"elementor-row\">\n\t\t\t\t\t<div class=\"elementor-column elementor-col-100 elementor-top-column elementor-element elementor-element-caaaa69\" data-id=\"caaaa69\" data-element_type=\"column\">\n\t\t\t<div class=\"elementor-column-wrap elementor-element-populated\">\n\t\t\t\t\t\t\t<div class=\"elementor-widget-wrap\">\n\t\t\t\t\t\t<div class=\"elementor-element elementor-element-8f1ed42 elementor-invisible elementor-widget elementor-widget-heading\" data-id=\"8f1ed42\" data-element_type=\"widget\" data-settings=\"{&quot;_animation&quot;:&quot;fadeIn&quot;}\" data-widget_type=\"heading.default\">\n\t\t\t\t<div class=\"elementor-widget-container\">\n\t\t\t<h2 class=\"elementor-heading-title elementor-size-default\">CONTACTA'NS<\/h2>\t\t<\/div>\n\t\t\t\t<\/div>\n\t\t\t\t<div class=\"elementor-element elementor-element-6d2f3e5 elementor-invisible elementor-widget elementor-widget-text-editor\" data-id=\"6d2f3e5\" data-element_type=\"widget\" data-settings=\"{&quot;_animation&quot;:&quot;fadeIn&quot;}\" data-widget_type=\"text-editor.default\">\n\t\t\t\t<div class=\"elementor-widget-container\">\n\t\t\t\t\t<div class=\"elementor-text-editor elementor-clearfix\"><p>Mentre m\u00e9s ens expliquis sobre la teva empresa i projecte, millor podrem ajudar-te.<\/p>\n<\/div>\n\t\t\t\t<\/div>\n\t\t\t\t<\/div>\n\t\t\t\t<div class=\"elementor-element elementor-element-82f2d14 raven-form-button-align-center elementor-widget elementor-widget-raven-form\" data-id=\"82f2d14\" data-element_type=\"widget\" data-settings=\"{&quot;fields&quot;:[{&quot;label&quot;:&quot;Nom&quot;,&quot;_id&quot;:&quot;7c0f737&quot;,&quot;acceptance_text&quot;:null,&quot;rows&quot;:null,&quot;required&quot;:&quot;true&quot;,&quot;width&quot;:&quot;50&quot;,&quot;index&quot;:0,&quot;type&quot;:&quot;text&quot;,&quot;placeholder&quot;:&quot;&quot;,&quot;recaptcha_badge&quot;:null,&quot;recaptcha_theme&quot;:null,&quot;recaptcha_size&quot;:null,&quot;checked_by_default&quot;:null,&quot;min_time&quot;:null,&quot;max_time&quot;:null,&quot;min_date&quot;:null,&quot;max_date&quot;:null,&quot;localization&quot;:null,&quot;min&quot;:null,&quot;max&quot;:null,&quot;field_options&quot;:null,&quot;inline_list&quot;:null,&quot;native_html5&quot;:null,&quot;multiple_selection&quot;:null,&quot;file_sizes&quot;:null,&quot;file_types&quot;:null,&quot;allow_multiple_upload&quot;:null,&quot;max_files&quot;:null,&quot;width_tablet&quot;:&quot;&quot;,&quot;width_mobile&quot;:&quot;&quot;,&quot;field_value&quot;:null},{&quot;label&quot;:&quot;Email&quot;,&quot;type&quot;:&quot;email&quot;,&quot;required&quot;:&quot;true&quot;,&quot;_id&quot;:&quot;5089283&quot;,&quot;acceptance_text&quot;:null,&quot;rows&quot;:null,&quot;width&quot;:&quot;50&quot;,&quot;index&quot;:1,&quot;placeholder&quot;:&quot;&quot;,&quot;recaptcha_badge&quot;:null,&quot;recaptcha_theme&quot;:null,&quot;recaptcha_size&quot;:null,&quot;checked_by_default&quot;:null,&quot;min_time&quot;:null,&quot;max_time&quot;:null,&quot;min_date&quot;:null,&quot;max_date&quot;:null,&quot;localization&quot;:null,&quot;min&quot;:null,&quot;max&quot;:null,&quot;field_options&quot;:null,&quot;inline_list&quot;:null,&quot;native_html5&quot;:null,&quot;multiple_selection&quot;:null,&quot;file_sizes&quot;:null,&quot;file_types&quot;:null,&quot;allow_multiple_upload&quot;:null,&quot;max_files&quot;:null,&quot;width_tablet&quot;:&quot;&quot;,&quot;width_mobile&quot;:&quot;&quot;,&quot;field_value&quot;:null},{&quot;label&quot;:&quot;Asumpte&quot;,&quot;_id&quot;:&quot;a1e1540&quot;,&quot;acceptance_text&quot;:null,&quot;rows&quot;:null,&quot;index&quot;:2,&quot;type&quot;:&quot;text&quot;,&quot;placeholder&quot;:&quot;&quot;,&quot;recaptcha_badge&quot;:null,&quot;recaptcha_theme&quot;:null,&quot;recaptcha_size&quot;:null,&quot;checked_by_default&quot;:null,&quot;min_time&quot;:null,&quot;max_time&quot;:null,&quot;min_date&quot;:null,&quot;max_date&quot;:null,&quot;localization&quot;:null,&quot;min&quot;:null,&quot;max&quot;:null,&quot;field_options&quot;:null,&quot;inline_list&quot;:null,&quot;native_html5&quot;:null,&quot;multiple_selection&quot;:null,&quot;required&quot;:&quot;&quot;,&quot;file_sizes&quot;:null,&quot;file_types&quot;:null,&quot;allow_multiple_upload&quot;:null,&quot;max_files&quot;:null,&quot;width&quot;:&quot;100&quot;,&quot;width_tablet&quot;:&quot;&quot;,&quot;width_mobile&quot;:&quot;&quot;,&quot;field_value&quot;:null},{&quot;label&quot;:&quot;Missatge&quot;,&quot;type&quot;:&quot;textarea&quot;,&quot;_id&quot;:&quot;12e2da5&quot;,&quot;acceptance_text&quot;:null,&quot;rows&quot;:&quot;1&quot;,&quot;index&quot;:3,&quot;placeholder&quot;:&quot;&quot;,&quot;recaptcha_badge&quot;:null,&quot;recaptcha_theme&quot;:null,&quot;recaptcha_size&quot;:null,&quot;checked_by_default&quot;:null,&quot;min_time&quot;:null,&quot;max_time&quot;:null,&quot;min_date&quot;:null,&quot;max_date&quot;:null,&quot;localization&quot;:null,&quot;min&quot;:null,&quot;max&quot;:null,&quot;field_options&quot;:null,&quot;inline_list&quot;:null,&quot;native_html5&quot;:null,&quot;multiple_selection&quot;:null,&quot;required&quot;:&quot;&quot;,&quot;file_sizes&quot;:null,&quot;file_types&quot;:null,&quot;allow_multiple_upload&quot;:null,&quot;max_files&quot;:null,&quot;width&quot;:&quot;100&quot;,&quot;width_tablet&quot;:&quot;&quot;,&quot;width_mobile&quot;:&quot;&quot;,&quot;field_value&quot;:null}]}\" data-widget_type=\"raven-form.default\">\n\t\t\t\t<div class=\"elementor-widget-container\">\n\t\t\t\t\t<form class=\"raven-form raven-flex raven-flex-wrap raven-flex-bottom\" method=\"post\" name=\"Contact\">\n\t\t\t<input type=\"hidden\" name=\"post_id\" value=\"1150\" \/>\n\t\t\t<input type=\"hidden\" name=\"form_id\" value=\"82f2d14\" \/>\n\t\t\t\t\t<div id=\"raven-field-group-7c0f737\" class=\"raven-flex-wrap raven-field-type-text raven-field-group elementor-column elementor-col-50 raven-field-required\">\n\t\t\t\t\t<label\n\t\t\tfor=\"form-field-7c0f737\"\n\t\t\tclass=\"raven-field-label\">\n\t\t\tNom\t\t\t<\/label>\n\t\t\t\t<input\n\t\t\toninput=\"onInvalidRavenFormField(event)\"\n\t\t\toninvalid=\"onInvalidRavenFormField(event)\"\n\t\t\ttype=\"text\" name=\"fields[7c0f737]\" id=\"form-field-7c0f737\" class=\"raven-field\" placeholder=\"\" data-type=\"text\" required=\"required\">\n\t\t\t\t<\/div>\n\t\t\t\t<div id=\"raven-field-group-5089283\" class=\"raven-flex-wrap raven-field-type-email raven-field-group elementor-column elementor-col-50 raven-field-required\">\n\t\t\t\t\t<label\n\t\t\tfor=\"form-field-5089283\"\n\t\t\tclass=\"raven-field-label\">\n\t\t\tEmail\t\t\t<\/label>\n\t\t\t\t<input\n\t\t\toninput=\"onInvalidRavenFormField(event)\"\n\t\t\toninvalid=\"onInvalidRavenFormField(event)\"\n\t\t\ttype=\"email\" name=\"fields[5089283]\" id=\"form-field-5089283\" class=\"raven-field\" placeholder=\"\" data-type=\"email\" required=\"required\">\n\t\t\t\t<\/div>\n\t\t\t\t<div id=\"raven-field-group-a1e1540\" class=\"raven-flex-wrap raven-field-type-text raven-field-group elementor-column elementor-col-100\">\n\t\t\t\t\t<label\n\t\t\tfor=\"form-field-a1e1540\"\n\t\t\tclass=\"raven-field-label\">\n\t\t\tAsumpte\t\t\t<\/label>\n\t\t\t\t<input\n\t\t\toninput=\"onInvalidRavenFormField(event)\"\n\t\t\toninvalid=\"onInvalidRavenFormField(event)\"\n\t\t\ttype=\"text\" name=\"fields[a1e1540]\" id=\"form-field-a1e1540\" class=\"raven-field\" placeholder=\"\" data-type=\"text\">\n\t\t\t\t<\/div>\n\t\t\t\t<div id=\"raven-field-group-12e2da5\" class=\"raven-flex-wrap raven-field-type-textarea raven-field-group elementor-column elementor-col-100\">\n\t\t\t\t\t<label\n\t\t\tfor=\"form-field-12e2da5\"\n\t\t\tclass=\"raven-field-label\">\n\t\t\tMissatge\t\t\t<\/label>\n\t\t\t\t<textarea\n\t\t\toninput=\"onInvalidRavenFormField(event)\"\n\t\t\toninvalid=\"onInvalidRavenFormField(event)\"\n\t\t\ttype=\"textarea\" name=\"fields[12e2da5]\" id=\"form-field-12e2da5\" class=\"raven-field\" placeholder=\"\" data-type=\"textarea\"\t\t\trows=\"1\"><\/textarea>\n\t\t\t\t<\/div>\n\t\t\t\t\t<div class=\"raven-field-group raven-field-type-submit-button elementor-column elementor-col-20 justify\">\n\t\t\t\t<button type=\"submit\" class=\"raven-submit-button\">\n\t\t\t\t\t\t\t\t\t\t<span>Enviar<\/span>\n\t\t\t\t<\/button>\n\t\t\t<\/div>\n\t\t<\/form>\n\n\t\t\t\t<\/div>\n\t\t\t\t<\/div>\n\t\t\t\t<div class=\"elementor-element elementor-element-66e155e elementor-widget elementor-widget-spacer\" data-id=\"66e155e\" data-element_type=\"widget\" data-widget_type=\"spacer.default\">\n\t\t\t\t<div class=\"elementor-widget-container\">\n\t\t\t\t\t<div class=\"elementor-spacer\">\n\t\t\t<div class=\"elementor-spacer-inner\"><\/div>\n\t\t<\/div>\n\t\t\t\t<\/div>\n\t\t\t\t<\/div>\n\t\t\t\t\t\t<\/div>\n\t\t\t\t\t<\/div>\n\t\t<\/div>\n\t\t\t\t\t\t\t\t<\/div>\n\t\t\t\t\t<\/div>\n\t\t<\/section>\n\t\t\t\t\t\t<\/div>\n\t\t\t\t\t\t<\/div>\n\t\t\t\t\t<\/div>\n\t\t","protected":false},"excerpt":{"rendered":"<p>Operem a tot Espanya amb oficina a Masnou (El), Barcelona. El nostre horari d&#8217;oficina \u00e9s de dilluns a dijous de 9 a 18 hs i els divendres de 9 a 15 hs. Adre\u00e7a Passeig Joan Carles I, n. 7, 4-2 08320 El Masnou (Barcelona) Tel\u00e8fono +34 608 790 562 Email info@ijuarez.com CONTACTA&#8217;NS Mentre m\u00e9s ens [&hellip;]<\/p>\n","protected":false},"author":1,"featured_media":0,"parent":0,"menu_order":0,"comment_status":"closed","ping_status":"closed","template":"full-width.php","meta":[],"yoast_head":"<!-- This site is optimized with the Yoast SEO plugin v16.1.1 - https:\/\/yoast.com\/wordpress\/plugins\/seo\/ -->\n<title>Contacta amb nosaltres | Isabel Ju\u00e1rez<\/title>\n<meta name=\"description\" content=\"Contacta amb l&#039;equip d&#039;Isabel Ju\u00e1rez. Mentre m\u00e9s ens expliquis sobre la teva empresa i projecte, millor podrem ajudar-te.\" \/>\n<link rel=\"canonical\" href=\"https:\/\/ijuarez.com\/ca\/contacto\/\" \/>\n<meta property=\"og:locale\" content=\"ca_ES\" \/>\n<meta property=\"og:type\" content=\"article\" \/>\n<meta property=\"og:title\" content=\"Contacta amb nosaltres | Isabel Ju\u00e1rez\" \/>\n<meta property=\"og:description\" content=\"Contacta amb l&#039;equip d&#039;Isabel Ju\u00e1rez. Mentre m\u00e9s ens expliquis sobre la teva empresa i projecte, millor podrem ajudar-te.\" \/>\n<meta property=\"og:url\" content=\"https:\/\/ijuarez.com\/ca\/contacto\/\" \/>\n<meta property=\"og:site_name\" content=\"Isabel Ju\u00e1rez\" \/>\n<meta property=\"article:modified_time\" content=\"2021-04-07T08:35:32+00:00\" \/>\n<meta name=\"twitter:card\" content=\"summary_large_image\" \/>\n<meta name=\"twitter:label1\" content=\"Temps estimat de lectura\">\n\t<meta name=\"twitter:data1\" content=\"1 minut\">\n<script type=\"application\/ld+json\" class=\"yoast-schema-graph\">{\"@context\":\"https:\/\/schema.org\",\"@graph\":[{\"@type\":\"WebSite\",\"@id\":\"https:\/\/ijuarez.com\/#website\",\"url\":\"https:\/\/ijuarez.com\/\",\"name\":\"Isabel Ju\\u00e1rez\",\"description\":\"Consultor\\u00eda Tur\\u00edstica\",\"potentialAction\":[{\"@type\":\"SearchAction\",\"target\":\"https:\/\/ijuarez.com\/?s={search_term_string}\",\"query-input\":\"required name=search_term_string\"}],\"inLanguage\":\"ca\"},{\"@type\":\"WebPage\",\"@id\":\"https:\/\/ijuarez.com\/ca\/contacto\/#webpage\",\"url\":\"https:\/\/ijuarez.com\/ca\/contacto\/\",\"name\":\"Contacta amb nosaltres | Isabel Ju\\u00e1rez\",\"isPartOf\":{\"@id\":\"https:\/\/ijuarez.com\/#website\"},\"datePublished\":\"2020-10-01T21:42:05+00:00\",\"dateModified\":\"2021-04-07T08:35:32+00:00\",\"description\":\"Contacta amb l'equip d'Isabel Ju\\u00e1rez. Mentre m\\u00e9s ens expliquis sobre la teva empresa i projecte, millor podrem ajudar-te.\",\"breadcrumb\":{\"@id\":\"https:\/\/ijuarez.com\/ca\/contacto\/#breadcrumb\"},\"inLanguage\":\"ca\",\"potentialAction\":[{\"@type\":\"ReadAction\",\"target\":[\"https:\/\/ijuarez.com\/ca\/contacto\/\"]}]},{\"@type\":\"BreadcrumbList\",\"@id\":\"https:\/\/ijuarez.com\/ca\/contacto\/#breadcrumb\",\"itemListElement\":[{\"@type\":\"ListItem\",\"position\":1,\"item\":{\"@type\":\"WebPage\",\"@id\":\"https:\/\/ijuarez.com\/\",\"url\":\"https:\/\/ijuarez.com\/\",\"name\":\"Portada\"}},{\"@type\":\"ListItem\",\"position\":2,\"item\":{\"@type\":\"WebPage\",\"@id\":\"https:\/\/ijuarez.com\/ca\/contacto\/\",\"url\":\"https:\/\/ijuarez.com\/ca\/contacto\/\",\"name\":\"Contacte\"}}]}]}<\/script>\n<!-- \/ Yoast SEO plugin. -->","_links":{"self":[{"href":"https:\/\/ijuarez.com\/ca\/wp-json\/wp\/v2\/pages\/1150"}],"collection":[{"href":"https:\/\/ijuarez.com\/ca\/wp-json\/wp\/v2\/pages"}],"about":[{"href":"https:\/\/ijuarez.com\/ca\/wp-json\/wp\/v2\/types\/page"}],"author":[{"embeddable":true,"href":"https:\/\/ijuarez.com\/ca\/wp-json\/wp\/v2\/users\/1"}],"replies":[{"embeddable":true,"href":"https:\/\/ijuarez.com\/ca\/wp-json\/wp\/v2\/comments?post=1150"}],"version-history":[{"count":4,"href":"https:\/\/ijuarez.com\/ca\/wp-json\/wp\/v2\/pages\/1150\/revisions"}],"predecessor-version":[{"id":1892,"href":"https:\/\/ijuarez.com\/ca\/wp-json\/wp\/v2\/pages\/1150\/revisions\/1892"}],"wp:attachment":[{"href":"https:\/\/ijuarez.com\/ca\/wp-json\/wp\/v2\/media?parent=1150"}],"curies":[{"name":"wp","href":"https:\/\/api.w.org\/{rel}","templated":true}]}}