{"id":2350,"date":"2026-04-08T12:15:58","date_gmt":"2026-04-08T10:15:58","guid":{"rendered":"https:\/\/ijuarez.com\/luxury-incentive-programs\/"},"modified":"2026-04-08T12:16:02","modified_gmt":"2026-04-08T10:16:02","slug":"luxury-incentive-programs","status":"publish","type":"page","link":"https:\/\/ijuarez.com\/ca\/luxury-incentive-programs\/","title":{"rendered":"Luxury Incentive Programs"},"content":{"rendered":"\t\t<div data-elementor-type=\"wp-post\" data-elementor-id=\"2350\" class=\"elementor elementor-2350 elementor-2169\" data-elementor-settings=\"[]\">\n\t\t\t\t\t\t<div class=\"elementor-inner\">\n\t\t\t\t\t\t\t<div class=\"elementor-section-wrap\">\n\t\t\t\t\t\t\t<section class=\"elementor-section elementor-top-section elementor-element elementor-element-7345c245 elementor-section-full_width elementor-section-height-default elementor-section-height-default\" data-id=\"7345c245\" data-element_type=\"section\" data-settings=\"{&quot;background_background&quot;:&quot;classic&quot;}\">\n\t\t\t\t\t\t\t<div class=\"elementor-background-overlay\"><\/div>\n\t\t\t\t\t\t\t<div class=\"elementor-container elementor-column-gap-default\">\n\t\t\t\t\t\t\t<div class=\"elementor-row\">\n\t\t\t\t\t<div class=\"elementor-column elementor-col-100 elementor-top-column elementor-element elementor-element-1e1e8aa7\" data-id=\"1e1e8aa7\" data-element_type=\"column\">\n\t\t\t<div class=\"elementor-column-wrap\">\n\t\t\t\t\t\t\t<div class=\"elementor-widget-wrap\">\n\t\t\t\t\t\t\t\t<\/div>\n\t\t\t\t\t<\/div>\n\t\t<\/div>\n\t\t\t\t\t\t\t\t<\/div>\n\t\t\t\t\t<\/div>\n\t\t<\/section>\n\t\t\t\t<section class=\"elementor-section elementor-top-section elementor-element elementor-element-4c349f65 elementor-section-boxed elementor-section-height-default elementor-section-height-default\" data-id=\"4c349f65\" data-element_type=\"section\">\n\t\t\t\t\t\t<div class=\"elementor-container elementor-column-gap-default\">\n\t\t\t\t\t\t\t<div class=\"elementor-row\">\n\t\t\t\t\t<div class=\"elementor-column elementor-col-100 elementor-top-column elementor-element elementor-element-5fc01909\" data-id=\"5fc01909\" data-element_type=\"column\">\n\t\t\t<div class=\"elementor-column-wrap elementor-element-populated\">\n\t\t\t\t\t\t\t<div class=\"elementor-widget-wrap\">\n\t\t\t\t\t\t<div class=\"elementor-element elementor-element-3bb36274 elementor-invisible elementor-widget elementor-widget-heading\" data-id=\"3bb36274\" data-element_type=\"widget\" data-settings=\"{&quot;_animation&quot;:&quot;fadeIn&quot;}\" data-widget_type=\"heading.default\">\n\t\t\t\t<div class=\"elementor-widget-container\">\n\t\t\t<h2 class=\"elementor-heading-title elementor-size-default\">LUXURY INCENTIVE PROGRAMS<\/h2>\t\t<\/div>\n\t\t\t\t<\/div>\n\t\t\t\t<div class=\"elementor-element elementor-element-647dd978 elementor-invisible elementor-widget elementor-widget-text-editor\" data-id=\"647dd978\" data-element_type=\"widget\" data-settings=\"{&quot;_animation&quot;:&quot;fadeIn&quot;}\" data-widget_type=\"text-editor.default\">\n\t\t\t\t<div class=\"elementor-widget-container\">\n\t\t\t\t\t<div class=\"elementor-text-editor elementor-clearfix\"><p style=\"text-align: center;\">Dissenyem i produ\u00efm programes d&#8217;incentius de luxe totalment personalitzats, concebuts per sorprendre, fidelitzar i emocionar un p\u00fablic exclusiu.<\/p>\n<p>Experi\u00e8ncies \u00faniques a Barcelona i Catalunya, creades per a:<\/p>\n<ul>\n<li style=\"text-align: left;\">Incentius corporatius d&#8217;alt nivell<\/li>\n<li style=\"text-align: left;\">Programes de fidelitzaci\u00f3 VIP<\/li>\n<li style=\"text-align: left;\">UHNW experi\u00e8ncies<\/li>\n<li style=\"text-align: left;\">Private clubs y marques premium<\/li>\n<\/ul>\n<p>Cada programa combina destins ic\u00f2nics, experi\u00e8ncies privades, hospitality de primer nivell i una execuci\u00f3 impecable, cuidant cada detall per garantir un impacte memorable.<\/p>\n<\/div>\n\t\t\t\t<\/div>\n\t\t\t\t<\/div>\n\t\t\t\t\t\t<\/div>\n\t\t\t\t\t<\/div>\n\t\t<\/div>\n\t\t\t\t\t\t\t\t<\/div>\n\t\t\t\t\t<\/div>\n\t\t<\/section>\n\t\t\t\t<section class=\"elementor-section elementor-top-section elementor-element elementor-element-592d3a3 elementor-section-boxed elementor-section-height-default elementor-section-height-default\" data-id=\"592d3a3\" data-element_type=\"section\">\n\t\t\t\t\t\t<div class=\"elementor-container elementor-column-gap-default\">\n\t\t\t\t\t\t\t<div class=\"elementor-row\">\n\t\t\t\t\t<div class=\"elementor-column elementor-col-100 elementor-top-column elementor-element elementor-element-1691aba\" data-id=\"1691aba\" data-element_type=\"column\">\n\t\t\t<div class=\"elementor-column-wrap elementor-element-populated\">\n\t\t\t\t\t\t\t<div class=\"elementor-widget-wrap\">\n\t\t\t\t\t\t<div class=\"elementor-element elementor-element-552089a elementor-align-center elementor-widget elementor-widget-button\" data-id=\"552089a\" data-element_type=\"widget\" data-widget_type=\"button.default\">\n\t\t\t\t<div class=\"elementor-widget-container\">\n\t\t\t\t\t<div class=\"elementor-button-wrapper\">\n\t\t\t<a href=\"#wp-content\/uploads\/2026\/04\/BCN-THE-LUXURY-OF-DISCOVERY_ES.pdf\" target=\"_blank\" class=\"elementor-button-link elementor-button elementor-size-sm\" role=\"button\">\n\t\t\t\t\t\t<span class=\"elementor-button-content-wrapper\">\n\t\t\t\t\t\t<span class=\"elementor-button-text\">Descarregar Cat\u00e0leg<\/span>\n\t\t<\/span>\n\t\t\t\t\t<\/a>\n\t\t<\/div>\n\t\t\t\t<\/div>\n\t\t\t\t<\/div>\n\t\t\t\t\t\t<\/div>\n\t\t\t\t\t<\/div>\n\t\t<\/div>\n\t\t\t\t\t\t\t\t<\/div>\n\t\t\t\t\t<\/div>\n\t\t<\/section>\n\t\t\t\t<section class=\"elementor-section elementor-top-section elementor-element elementor-element-55e0f504 elementor-section-full_width elementor-section-height-default elementor-section-height-default\" data-id=\"55e0f504\" data-element_type=\"section\">\n\t\t\t\t\t\t<div class=\"elementor-container elementor-column-gap-no\">\n\t\t\t\t\t\t\t<div class=\"elementor-row\">\n\t\t\t\t\t<div class=\"elementor-column elementor-col-100 elementor-top-column elementor-element elementor-element-7a000ca9\" data-id=\"7a000ca9\" data-element_type=\"column\">\n\t\t\t<div class=\"elementor-column-wrap elementor-element-populated\">\n\t\t\t\t\t\t\t<div class=\"elementor-widget-wrap\">\n\t\t\t\t\t\t<div class=\"elementor-element elementor-element-60798189 elementor-widget elementor-widget-jet-carousel\" data-id=\"60798189\" data-element_type=\"widget\" data-widget_type=\"jet-carousel.default\">\n\t\t\t\t<div class=\"elementor-widget-container\">\n\t\t\t<div class=\"elementor-jet-carousel jet-elements\"><div class=\"jet-carousel-wrap jet-equal-cols\">\n\t<div class=\"jet-carousel\" data-slider_options=\"{&quot;slidesToShow&quot;:{&quot;desktop&quot;:2,&quot;tablet&quot;:1,&quot;mobile&quot;:0},&quot;autoplaySpeed&quot;:5000,&quot;autoplay&quot;:true,&quot;infinite&quot;:true,&quot;centerMode&quot;:false,&quot;pauseOnHover&quot;:true,&quot;speed&quot;:500,&quot;arrows&quot;:false,&quot;dots&quot;:true,&quot;slidesToScroll&quot;:1,&quot;variableWidth&quot;:false,&quot;prevArrow&quot;:&quot;.jet-carousel__prev-arrow-60798189&quot;,&quot;nextArrow&quot;:&quot;.jet-carousel__next-arrow-60798189&quot;,&quot;rtl&quot;:false}\" dir=\"ltr\">\n\t<div class=\"elementor-slick-slider\">\n<div class=\"jet-carousel__item\">\n\t<div class=\"jet-carousel__item-inner\">\n\t<figure class=\"jet-banner jet-effect-lily\"><div class=\"jet-banner__overlay\"><\/div><img src=\"https:\/\/ijuarez.com\/wp-content\/uploads\/2026\/04\/Captura-de-Pantalla-2026-04-07-a-las-12.41.44.png\" class=\"jet-banner__img\" alt=\"Captura de Pantalla 2026-04-07 a las 12.41.44\" loading=\"lazy\"><figcaption class=\"jet-banner__content\"><div class=\"jet-banner__content-wrap\"><\/div><\/figcaption><\/figure>\n\t<\/div>\n<\/div>\n<div class=\"jet-carousel__item\">\n\t<div class=\"jet-carousel__item-inner\">\n\t<figure class=\"jet-banner jet-effect-lily\"><div class=\"jet-banner__overlay\"><\/div><img src=\"https:\/\/ijuarez.com\/wp-content\/uploads\/2026\/04\/Captura-de-Pantalla-2026-04-07-a-las-12.41.28.png\" class=\"jet-banner__img\" alt=\"Captura de Pantalla 2026-04-07 a las 12.41.28\" loading=\"lazy\"><figcaption class=\"jet-banner__content\"><div class=\"jet-banner__content-wrap\"><\/div><\/figcaption><\/figure>\n\t<\/div>\n<\/div>\n<div class=\"jet-carousel__item\">\n\t<div class=\"jet-carousel__item-inner\">\n\t<figure class=\"jet-banner jet-effect-lily\"><div class=\"jet-banner__overlay\"><\/div><img src=\"https:\/\/ijuarez.com\/wp-content\/uploads\/2026\/04\/Captura-de-Pantalla-2026-04-07-a-las-12.41.16.png\" class=\"jet-banner__img\" alt=\"Captura de Pantalla 2026-04-07 a las 12.41.16\" loading=\"lazy\"><figcaption class=\"jet-banner__content\"><div class=\"jet-banner__content-wrap\"><\/div><\/figcaption><\/figure>\n\t<\/div>\n<\/div>\n<div class=\"jet-carousel__item\">\n\t<div class=\"jet-carousel__item-inner\">\n\t<figure class=\"jet-banner jet-effect-lily\"><div class=\"jet-banner__overlay\"><\/div><img src=\"https:\/\/ijuarez.com\/wp-content\/uploads\/2026\/04\/Captura-de-Pantalla-2026-04-07-a-las-12.40.59.png\" class=\"jet-banner__img\" alt=\"Captura de Pantalla 2026-04-07 a las 12.40.59\" loading=\"lazy\"><figcaption class=\"jet-banner__content\"><div class=\"jet-banner__content-wrap\"><\/div><\/figcaption><\/figure>\n\t<\/div>\n<\/div>\n<div class=\"jet-carousel__item\">\n\t<div class=\"jet-carousel__item-inner\">\n\t<figure class=\"jet-banner jet-effect-lily\"><div class=\"jet-banner__overlay\"><\/div><img src=\"https:\/\/ijuarez.com\/wp-content\/uploads\/2026\/04\/Captura-de-Pantalla-2026-04-07-a-las-12.42.57.png\" class=\"jet-banner__img\" alt=\"Captura de Pantalla 2026-04-07 a las 12.42.57\" loading=\"lazy\"><figcaption class=\"jet-banner__content\"><div class=\"jet-banner__content-wrap\"><\/div><\/figcaption><\/figure>\n\t<\/div>\n<\/div>\n<\/div><\/div>\n<\/div>\n<\/div>\t\t<\/div>\n\t\t\t\t<\/div>\n\t\t\t\t\t\t<\/div>\n\t\t\t\t\t<\/div>\n\t\t<\/div>\n\t\t\t\t\t\t\t\t<\/div>\n\t\t\t\t\t<\/div>\n\t\t<\/section>\n\t\t\t\t\t\t<\/div>\n\t\t\t\t\t\t<\/div>\n\t\t\t\t\t<\/div>\n\t\t","protected":false},"excerpt":{"rendered":"<p>LUXURY INCENTIVE PROGRAMS Dissenyem i produ\u00efm programes d&#8217;incentius de luxe totalment personalitzats, concebuts per sorprendre, fidelitzar i emocionar un p\u00fablic exclusiu. Experi\u00e8ncies \u00faniques a Barcelona i Catalunya, creades per a: Incentius corporatius d&#8217;alt nivell Programes de fidelitzaci\u00f3 VIP UHNW experi\u00e8ncies Private clubs y marques premium Cada programa combina destins ic\u00f2nics, experi\u00e8ncies privades, hospitality de primer [&hellip;]<\/p>\n","protected":false},"author":1,"featured_media":0,"parent":0,"menu_order":0,"comment_status":"closed","ping_status":"closed","template":"full-width.php","meta":[],"yoast_head":"<!-- This site is optimized with the Yoast SEO plugin v16.1.1 - https:\/\/yoast.com\/wordpress\/plugins\/seo\/ -->\n<title>Turisme Esportiu | Isabel Ju\u00e1rez<\/title>\n<meta name=\"description\" content=\"Organitzaci\u00f3 de turisme esportiu. Promoci\u00f3, comercialitzaci\u00f3 i desenvolupament dactivitats i esdeveniments esportius d\u00e8xit. Contacta ara sense cap comprom\u00eds.\" \/>\n<link rel=\"canonical\" href=\"https:\/\/ijuarez.com\/ca\/luxury-incentive-programs\/\" \/>\n<meta property=\"og:locale\" content=\"ca_ES\" \/>\n<meta property=\"og:type\" content=\"article\" \/>\n<meta property=\"og:title\" content=\"Turisme Esportiu | Isabel Ju\u00e1rez\" \/>\n<meta property=\"og:description\" content=\"Organitzaci\u00f3 de turisme esportiu. Promoci\u00f3, comercialitzaci\u00f3 i desenvolupament dactivitats i esdeveniments esportius d\u00e8xit. Contacta ara sense cap comprom\u00eds.\" \/>\n<meta property=\"og:url\" content=\"https:\/\/ijuarez.com\/luxury-incentive-programs\/\" \/>\n<meta property=\"og:site_name\" content=\"Isabel Ju\u00e1rez\" \/>\n<meta property=\"article:modified_time\" content=\"2026-04-08T10:16:02+00:00\" \/>\n<meta property=\"og:image\" content=\"https:\/\/ijuarez.com\/wp-content\/uploads\/2026\/04\/Captura-de-Pantalla-2026-04-07-a-las-12.41.44.png\" \/>\n<meta name=\"twitter:card\" content=\"summary_large_image\" \/>\n<script type=\"application\/ld+json\" class=\"yoast-schema-graph\">{\"@context\":\"https:\/\/schema.org\",\"@graph\":[{\"@type\":\"WebSite\",\"@id\":\"https:\/\/ijuarez.com\/#website\",\"url\":\"https:\/\/ijuarez.com\/\",\"name\":\"Isabel Ju\\u00e1rez\",\"description\":\"Consultor\\u00eda Tur\\u00edstica\",\"potentialAction\":[{\"@type\":\"SearchAction\",\"target\":\"https:\/\/ijuarez.com\/?s={search_term_string}\",\"query-input\":\"required name=search_term_string\"}],\"inLanguage\":\"ca\"},{\"@type\":\"ImageObject\",\"@id\":\"https:\/\/ijuarez.com\/luxury-incentive-programs\/#primaryimage\",\"inLanguage\":\"ca\",\"url\":\"https:\/\/ijuarez.com\/wp-content\/uploads\/2026\/04\/Captura-de-Pantalla-2026-04-07-a-las-12.41.44.png\",\"contentUrl\":\"https:\/\/ijuarez.com\/wp-content\/uploads\/2026\/04\/Captura-de-Pantalla-2026-04-07-a-las-12.41.44.png\",\"width\":537,\"height\":335},{\"@type\":\"WebPage\",\"@id\":\"https:\/\/ijuarez.com\/luxury-incentive-programs\/#webpage\",\"url\":\"https:\/\/ijuarez.com\/luxury-incentive-programs\/\",\"name\":\"Turisme Esportiu | Isabel Ju\\u00e1rez\",\"isPartOf\":{\"@id\":\"https:\/\/ijuarez.com\/#website\"},\"primaryImageOfPage\":{\"@id\":\"https:\/\/ijuarez.com\/luxury-incentive-programs\/#primaryimage\"},\"datePublished\":\"2026-04-08T10:15:58+00:00\",\"dateModified\":\"2026-04-08T10:16:02+00:00\",\"description\":\"Organitzaci\\u00f3 de turisme esportiu. Promoci\\u00f3, comercialitzaci\\u00f3 i desenvolupament dactivitats i esdeveniments esportius d\\u00e8xit. Contacta ara sense cap comprom\\u00eds.\",\"breadcrumb\":{\"@id\":\"https:\/\/ijuarez.com\/luxury-incentive-programs\/#breadcrumb\"},\"inLanguage\":\"ca\",\"potentialAction\":[{\"@type\":\"ReadAction\",\"target\":[\"https:\/\/ijuarez.com\/luxury-incentive-programs\/\"]}]},{\"@type\":\"BreadcrumbList\",\"@id\":\"https:\/\/ijuarez.com\/luxury-incentive-programs\/#breadcrumb\",\"itemListElement\":[{\"@type\":\"ListItem\",\"position\":1,\"item\":{\"@type\":\"WebPage\",\"@id\":\"https:\/\/ijuarez.com\/\",\"url\":\"https:\/\/ijuarez.com\/\",\"name\":\"Portada\"}},{\"@type\":\"ListItem\",\"position\":2,\"item\":{\"@type\":\"WebPage\",\"@id\":\"https:\/\/ijuarez.com\/luxury-incentive-programs\/\",\"url\":\"https:\/\/ijuarez.com\/luxury-incentive-programs\/\",\"name\":\"Luxury Incentive Programs\"}}]}]}<\/script>\n<!-- \/ Yoast SEO plugin. -->","_links":{"self":[{"href":"https:\/\/ijuarez.com\/ca\/wp-json\/wp\/v2\/pages\/2350"}],"collection":[{"href":"https:\/\/ijuarez.com\/ca\/wp-json\/wp\/v2\/pages"}],"about":[{"href":"https:\/\/ijuarez.com\/ca\/wp-json\/wp\/v2\/types\/page"}],"author":[{"embeddable":true,"href":"https:\/\/ijuarez.com\/ca\/wp-json\/wp\/v2\/users\/1"}],"replies":[{"embeddable":true,"href":"https:\/\/ijuarez.com\/ca\/wp-json\/wp\/v2\/comments?post=2350"}],"version-history":[{"count":3,"href":"https:\/\/ijuarez.com\/ca\/wp-json\/wp\/v2\/pages\/2350\/revisions"}],"predecessor-version":[{"id":2353,"href":"https:\/\/ijuarez.com\/ca\/wp-json\/wp\/v2\/pages\/2350\/revisions\/2353"}],"wp:attachment":[{"href":"https:\/\/ijuarez.com\/ca\/wp-json\/wp\/v2\/media?parent=2350"}],"curies":[{"name":"wp","href":"https:\/\/api.w.org\/{rel}","templated":true}]}}