{"id":2354,"date":"2026-04-08T12:23:03","date_gmt":"2026-04-08T10:23:03","guid":{"rendered":"https:\/\/ijuarez.com\/presentacio-comercial-rrpp-premium\/"},"modified":"2026-04-08T12:23:03","modified_gmt":"2026-04-08T10:23:03","slug":"presentacio-comercial-rrpp-premium","status":"publish","type":"page","link":"https:\/\/ijuarez.com\/ca\/presentacio-comercial-rrpp-premium\/","title":{"rendered":"Presentaci\u00f3 Comercial &#038; RRPP Premium"},"content":{"rendered":"\t\t<div data-elementor-type=\"wp-post\" data-elementor-id=\"2354\" class=\"elementor elementor-2354 elementor-2168\" data-elementor-settings=\"[]\">\n\t\t\t\t\t\t<div class=\"elementor-inner\">\n\t\t\t\t\t\t\t<div class=\"elementor-section-wrap\">\n\t\t\t\t\t\t\t<section class=\"elementor-section elementor-top-section elementor-element elementor-element-7345c245 elementor-section-full_width elementor-section-height-default elementor-section-height-default\" data-id=\"7345c245\" data-element_type=\"section\" data-settings=\"{&quot;background_background&quot;:&quot;classic&quot;}\">\n\t\t\t\t\t\t\t<div class=\"elementor-background-overlay\"><\/div>\n\t\t\t\t\t\t\t<div class=\"elementor-container elementor-column-gap-default\">\n\t\t\t\t\t\t\t<div class=\"elementor-row\">\n\t\t\t\t\t<div class=\"elementor-column elementor-col-100 elementor-top-column elementor-element elementor-element-1e1e8aa7\" data-id=\"1e1e8aa7\" data-element_type=\"column\">\n\t\t\t<div class=\"elementor-column-wrap\">\n\t\t\t\t\t\t\t<div class=\"elementor-widget-wrap\">\n\t\t\t\t\t\t\t\t<\/div>\n\t\t\t\t\t<\/div>\n\t\t<\/div>\n\t\t\t\t\t\t\t\t<\/div>\n\t\t\t\t\t<\/div>\n\t\t<\/section>\n\t\t\t\t<section class=\"elementor-section elementor-top-section elementor-element elementor-element-4c349f65 elementor-section-boxed elementor-section-height-default elementor-section-height-default\" data-id=\"4c349f65\" data-element_type=\"section\">\n\t\t\t\t\t\t<div class=\"elementor-container elementor-column-gap-default\">\n\t\t\t\t\t\t\t<div class=\"elementor-row\">\n\t\t\t\t\t<div class=\"elementor-column elementor-col-100 elementor-top-column elementor-element elementor-element-5fc01909\" data-id=\"5fc01909\" data-element_type=\"column\">\n\t\t\t<div class=\"elementor-column-wrap elementor-element-populated\">\n\t\t\t\t\t\t\t<div class=\"elementor-widget-wrap\">\n\t\t\t\t\t\t<div class=\"elementor-element elementor-element-3bb36274 elementor-invisible elementor-widget elementor-widget-heading\" data-id=\"3bb36274\" data-element_type=\"widget\" data-settings=\"{&quot;_animation&quot;:&quot;fadeIn&quot;}\" data-widget_type=\"heading.default\">\n\t\t\t\t<div class=\"elementor-widget-container\">\n\t\t\t<h2 class=\"elementor-heading-title elementor-size-default\">REPRESENTACI\u00d3 COMERCIAL & RRPP PREMIUM<\/h2>\t\t<\/div>\n\t\t\t\t<\/div>\n\t\t\t\t<div class=\"elementor-element elementor-element-647dd978 elementor-invisible elementor-widget elementor-widget-text-editor\" data-id=\"647dd978\" data-element_type=\"widget\" data-settings=\"{&quot;_animation&quot;:&quot;fadeIn&quot;}\" data-widget_type=\"text-editor.default\">\n\t\t\t\t<div class=\"elementor-widget-container\">\n\t\t\t\t\t<div class=\"elementor-text-editor elementor-clearfix\"><h3>Representaci\u00f3 Comercial Estrat\u00e8gica<\/h3>\n<p>Actuem com a ambaixadors de destinacions i marques del Turimo, Turismo Deportivo &amp; Hospitality.<\/p>\n<p>La nostra representaci\u00f3 combina xarxa internacional, coneixement profund del sector i una pres\u00e8ncia comercial d&#8217;alt n\u00e9l orientada a resultats.<\/p>\n<\/div>\n\t\t\t\t<\/div>\n\t\t\t\t<\/div>\n\t\t\t\t<div class=\"elementor-element elementor-element-a657524 elementor-invisible elementor-widget elementor-widget-text-editor\" data-id=\"a657524\" data-element_type=\"widget\" data-settings=\"{&quot;_animation&quot;:&quot;fadeIn&quot;}\" data-widget_type=\"text-editor.default\">\n\t\t\t\t<div class=\"elementor-widget-container\">\n\t\t\t\t\t<div class=\"elementor-text-editor elementor-clearfix\"><h3>Agendes Comerciales d&#8217;Alt Valor<\/h3>\n<p>Dissenyem i gestionem agendes de negoci estrat\u00e8giques, tant presencials com virtuals, connectant els nostres clients amb decisors clau.<\/p>\n<p>Cada reuni\u00f3 t\u00e9 un prop\u00f2sit clar i un seguiment orientat a generar oportunitats reals.<\/p>\n<\/div>\n\t\t\t\t<\/div>\n\t\t\t\t<\/div>\n\t\t\t\t<div class=\"elementor-element elementor-element-cde0299 elementor-invisible elementor-widget elementor-widget-text-editor\" data-id=\"cde0299\" data-element_type=\"widget\" data-settings=\"{&quot;_animation&quot;:&quot;fadeIn&quot;}\" data-widget_type=\"text-editor.default\">\n\t\t\t\t<div class=\"elementor-widget-container\">\n\t\t\t\t\t<div class=\"elementor-text-editor elementor-clearfix\"><h3>Pres\u00e8ncia Executiva a Fires i Esdeveniments Internacionals<\/h3>\n<p>Representem marques i destinacions als principals congressos, fires i esdeveniments internacionals, projectat una imatge d&#8217;excel\u00b7l\u00e8ncia, professionalisme i posicionament premium.<\/p>\n<p>Potenciem la visibilitat, les relacions estrat\u00e8giques i la captaci\u00f3 d&#8217;audi\u00e8ncies altament qualificades.<\/p>\n<\/div>\n\t\t\t\t<\/div>\n\t\t\t\t<\/div>\n\t\t\t\t\t\t<\/div>\n\t\t\t\t\t<\/div>\n\t\t<\/div>\n\t\t\t\t\t\t\t\t<\/div>\n\t\t\t\t\t<\/div>\n\t\t<\/section>\n\t\t\t\t<section class=\"elementor-section elementor-top-section elementor-element elementor-element-55e0f504 elementor-section-full_width elementor-section-height-default elementor-section-height-default\" data-id=\"55e0f504\" data-element_type=\"section\">\n\t\t\t\t\t\t<div class=\"elementor-container elementor-column-gap-no\">\n\t\t\t\t\t\t\t<div class=\"elementor-row\">\n\t\t\t\t\t<div class=\"elementor-column elementor-col-100 elementor-top-column elementor-element elementor-element-7a000ca9\" data-id=\"7a000ca9\" data-element_type=\"column\">\n\t\t\t<div class=\"elementor-column-wrap elementor-element-populated\">\n\t\t\t\t\t\t\t<div class=\"elementor-widget-wrap\">\n\t\t\t\t\t\t<div class=\"elementor-element elementor-element-60798189 elementor-widget elementor-widget-jet-carousel\" data-id=\"60798189\" data-element_type=\"widget\" data-widget_type=\"jet-carousel.default\">\n\t\t\t\t<div class=\"elementor-widget-container\">\n\t\t\t<div class=\"elementor-jet-carousel jet-elements\"><div class=\"jet-carousel-wrap jet-equal-cols\">\n\t<div class=\"jet-carousel\" data-slider_options=\"{&quot;slidesToShow&quot;:{&quot;desktop&quot;:2,&quot;tablet&quot;:1,&quot;mobile&quot;:0},&quot;autoplaySpeed&quot;:5000,&quot;autoplay&quot;:true,&quot;infinite&quot;:true,&quot;centerMode&quot;:false,&quot;pauseOnHover&quot;:true,&quot;speed&quot;:500,&quot;arrows&quot;:false,&quot;dots&quot;:true,&quot;slidesToScroll&quot;:1,&quot;variableWidth&quot;:false,&quot;prevArrow&quot;:&quot;.jet-carousel__prev-arrow-60798189&quot;,&quot;nextArrow&quot;:&quot;.jet-carousel__next-arrow-60798189&quot;,&quot;rtl&quot;:false}\" dir=\"ltr\">\n\t<div class=\"elementor-slick-slider\">\n<div class=\"jet-carousel__item\">\n\t<div class=\"jet-carousel__item-inner\">\n\t<figure class=\"jet-banner jet-effect-lily\"><div class=\"jet-banner__overlay\"><\/div><img src=\"https:\/\/ijuarez.com\/wp-content\/uploads\/2026\/04\/GRAND-TOUR-CATALUNYA.png\" class=\"jet-banner__img\" alt=\"GRAND TOUR CATALUNYA\" loading=\"lazy\"><figcaption class=\"jet-banner__content\"><div class=\"jet-banner__content-wrap\"><\/div><\/figcaption><\/figure>\n\t<\/div>\n<\/div>\n<div class=\"jet-carousel__item\">\n\t<div class=\"jet-carousel__item-inner\">\n\t<figure class=\"jet-banner jet-effect-lily\"><div class=\"jet-banner__overlay\"><\/div><img src=\"https:\/\/ijuarez.com\/wp-content\/uploads\/2021\/03\/Gran-Premi-Catalunya-MotoGP-2020.jpg\" class=\"jet-banner__img\" alt=\"Gran Premi Monster Energy de Catalunya\" loading=\"lazy\"><figcaption class=\"jet-banner__content\"><div class=\"jet-banner__content-wrap\"><\/div><\/figcaption><\/figure>\n\t<\/div>\n<\/div>\n<div class=\"jet-carousel__item\">\n\t<div class=\"jet-carousel__item-inner\">\n\t<figure class=\"jet-banner jet-effect-lily\"><div class=\"jet-banner__overlay\"><\/div><img src=\"https:\/\/ijuarez.com\/wp-content\/uploads\/2021\/03\/F1-Gran-Premio-Espan\u0303a-2019.jpg\" class=\"jet-banner__img\" alt=\"FORMULA 1 EMIRATES GRAN PREMIO DE ESPA\u00d1A 2019\" loading=\"lazy\"><figcaption class=\"jet-banner__content\"><div class=\"jet-banner__content-wrap\"><\/div><\/figcaption><\/figure>\n\t<\/div>\n<\/div>\n<div class=\"jet-carousel__item\">\n\t<div class=\"jet-carousel__item-inner\">\n\t<figure class=\"jet-banner jet-effect-lily\"><div class=\"jet-banner__overlay\"><\/div><img src=\"https:\/\/ijuarez.com\/wp-content\/uploads\/2026\/04\/grand-tour-de-cataluna-tram-2-de-tarragona-a-lleida.png\" class=\"jet-banner__img\" alt=\"grand-tour-de-cataluna-tram-2-de-tarragona-a-lleida\" loading=\"lazy\"><figcaption class=\"jet-banner__content\"><div class=\"jet-banner__content-wrap\"><\/div><\/figcaption><\/figure>\n\t<\/div>\n<\/div>\n<div class=\"jet-carousel__item\">\n\t<div class=\"jet-carousel__item-inner\">\n\t<figure class=\"jet-banner jet-effect-lily\"><div class=\"jet-banner__overlay\"><\/div><img src=\"https:\/\/ijuarez.com\/wp-content\/uploads\/2021\/03\/F-1-Gran-Premio-Espan\u0303a-2020.jpg\" class=\"jet-banner__img\" alt=\"Formula 1 Aramco Gran Premio de Espa\u00f1a 2020\" loading=\"lazy\"><figcaption class=\"jet-banner__content\"><div class=\"jet-banner__content-wrap\"><\/div><\/figcaption><\/figure>\n\t<\/div>\n<\/div>\n<\/div><\/div>\n<\/div>\n<\/div>\t\t<\/div>\n\t\t\t\t<\/div>\n\t\t\t\t\t\t<\/div>\n\t\t\t\t\t<\/div>\n\t\t<\/div>\n\t\t\t\t\t\t\t\t<\/div>\n\t\t\t\t\t<\/div>\n\t\t<\/section>\n\t\t\t\t<section class=\"elementor-section elementor-top-section elementor-element elementor-element-78f789a elementor-section-boxed elementor-section-height-default elementor-section-height-default\" data-id=\"78f789a\" data-element_type=\"section\">\n\t\t\t\t\t\t<div class=\"elementor-container elementor-column-gap-default\">\n\t\t\t\t\t\t\t<div class=\"elementor-row\">\n\t\t\t\t\t<div class=\"elementor-column elementor-col-16 elementor-top-column elementor-element elementor-element-44b6f36\" data-id=\"44b6f36\" data-element_type=\"column\">\n\t\t\t<div class=\"elementor-column-wrap\">\n\t\t\t\t\t\t\t<div class=\"elementor-widget-wrap\">\n\t\t\t\t\t\t\t\t<\/div>\n\t\t\t\t\t<\/div>\n\t\t<\/div>\n\t\t\t\t<div class=\"elementor-column elementor-col-66 elementor-top-column elementor-element elementor-element-2c6f87b\" data-id=\"2c6f87b\" data-element_type=\"column\">\n\t\t\t<div class=\"elementor-column-wrap elementor-element-populated\">\n\t\t\t\t\t\t\t<div class=\"elementor-widget-wrap\">\n\t\t\t\t\t\t<div class=\"elementor-element elementor-element-4bb02b3 elementor-invisible elementor-widget elementor-widget-heading\" data-id=\"4bb02b3\" data-element_type=\"widget\" data-settings=\"{&quot;_animation&quot;:&quot;fadeInUp&quot;}\" data-widget_type=\"heading.default\">\n\t\t\t\t<div class=\"elementor-widget-container\">\n\t\t\t<h2 class=\"elementor-heading-title elementor-size-default\">ELS NOSTRES CLIENTS<\/h2>\t\t<\/div>\n\t\t\t\t<\/div>\n\t\t\t\t<div class=\"elementor-element elementor-element-65ce575 elementor-arrows-position-inside elementor-pagination-position-outside elementor-widget elementor-widget-image-carousel\" data-id=\"65ce575\" data-element_type=\"widget\" data-settings=\"{&quot;slides_to_show&quot;:&quot;4&quot;,&quot;navigation&quot;:&quot;both&quot;,&quot;autoplay&quot;:&quot;yes&quot;,&quot;pause_on_hover&quot;:&quot;yes&quot;,&quot;pause_on_interaction&quot;:&quot;yes&quot;,&quot;autoplay_speed&quot;:5000,&quot;infinite&quot;:&quot;yes&quot;,&quot;speed&quot;:500}\" data-widget_type=\"image-carousel.default\">\n\t\t\t\t<div class=\"elementor-widget-container\">\n\t\t\t\t\t<div class=\"elementor-image-carousel-wrapper swiper-container\" dir=\"ltr\">\n\t\t\t<div class=\"elementor-image-carousel swiper-wrapper\">\n\t\t\t\t<div class=\"swiper-slide\"><figure class=\"swiper-slide-inner\"><img class=\"swiper-slide-image\" src=\"https:\/\/ijuarez.com\/wp-content\/uploads\/2026\/04\/globally-logo-300x75.jpg\" alt=\"globally logo\" \/><\/figure><\/div><div class=\"swiper-slide\"><figure class=\"swiper-slide-inner\"><img class=\"swiper-slide-image\" src=\"https:\/\/ijuarez.com\/wp-content\/uploads\/2020\/09\/O-NetSuite-rgb-1-300x136.png\" alt=\"O-NetSuite-rgb.png\" \/><\/figure><\/div><div class=\"swiper-slide\"><figure class=\"swiper-slide-inner\"><img class=\"swiper-slide-image\" src=\"https:\/\/ijuarez.com\/wp-content\/uploads\/2020\/09\/Convention_H_P_BN-1-300x100.png\" alt=\"Convention_H_P_BN.png\" \/><\/figure><\/div><div class=\"swiper-slide\"><figure class=\"swiper-slide-inner\"><img class=\"swiper-slide-image\" src=\"https:\/\/ijuarez.com\/wp-content\/uploads\/2020\/09\/1-Logo-Turijobs-2017-ORIGINAL-1-300x116.png\" alt=\"1-Logo-Turijobs-2017-ORIGINAL.png\" \/><\/figure><\/div><div class=\"swiper-slide\"><figure class=\"swiper-slide-inner\"><img class=\"swiper-slide-image\" src=\"https:\/\/ijuarez.com\/wp-content\/uploads\/2020\/10\/images-1-300x145.png\" alt=\"images 1\" \/><\/figure><\/div><div class=\"swiper-slide\"><figure class=\"swiper-slide-inner\"><img class=\"swiper-slide-image\" src=\"https:\/\/ijuarez.com\/wp-content\/uploads\/2020\/10\/03_LogoEmpuria_TexturaRGB_ClaimNegroIngles_SD2013-1.png\" alt=\"03_LogoEmpuria_TexturaRGB_ClaimNegroIngles_SD2013-1\" \/><\/figure><\/div><div class=\"swiper-slide\"><figure class=\"swiper-slide-inner\"><img class=\"swiper-slide-image\" src=\"https:\/\/ijuarez.com\/wp-content\/uploads\/2021\/04\/Logo-ACT-Catala-2015_3-linies-300x78.png\" alt=\"Logo ACT Catala 2015_3 linies\" \/><\/figure><\/div><div class=\"swiper-slide\"><figure class=\"swiper-slide-inner\"><img class=\"swiper-slide-image\" src=\"https:\/\/ijuarez.com\/wp-content\/uploads\/2026\/04\/bim-consultors-logo.jpg\" alt=\"bim consultors logo\" \/><\/figure><\/div><div class=\"swiper-slide\"><figure class=\"swiper-slide-inner\"><img class=\"swiper-slide-image\" src=\"https:\/\/ijuarez.com\/wp-content\/uploads\/2026\/04\/circuit-bcn-logo-300x85.png\" alt=\"circuit bcn logo\" \/><\/figure><\/div><div class=\"swiper-slide\"><figure class=\"swiper-slide-inner\"><img class=\"swiper-slide-image\" src=\"https:\/\/ijuarez.com\/wp-content\/uploads\/2026\/04\/grand-tour-cat-logo--300x89.png\" alt=\"grand tour cat logo\" \/><\/figure><\/div><div class=\"swiper-slide\"><figure class=\"swiper-slide-inner\"><img class=\"swiper-slide-image\" src=\"https:\/\/ijuarez.com\/wp-content\/uploads\/2026\/04\/globally-logo-300x75.jpg\" alt=\"globally logo\" \/><\/figure><\/div>\t\t\t<\/div>\n\t\t\t\t\t\t\t\t\t\t\t\t<div class=\"swiper-pagination\"><\/div>\n\t\t\t\t\t\t\t\t\t\t\t\t\t<div class=\"elementor-swiper-button elementor-swiper-button-prev\">\n\t\t\t\t\t\t<i class=\"eicon-chevron-left\" aria-hidden=\"true\"><\/i>\n\t\t\t\t\t\t<span class=\"elementor-screen-only\">Anterior<\/span>\n\t\t\t\t\t<\/div>\n\t\t\t\t\t<div class=\"elementor-swiper-button elementor-swiper-button-next\">\n\t\t\t\t\t\t<i class=\"eicon-chevron-right\" aria-hidden=\"true\"><\/i>\n\t\t\t\t\t\t<span class=\"elementor-screen-only\">Seg\u00fcent<\/span>\n\t\t\t\t\t<\/div>\n\t\t\t\t\t\t\t\t\t<\/div>\n\t\t\t\t<\/div>\n\t\t\t\t<\/div>\n\t\t\t\t\t\t<\/div>\n\t\t\t\t\t<\/div>\n\t\t<\/div>\n\t\t\t\t<div class=\"elementor-column elementor-col-16 elementor-top-column elementor-element elementor-element-3442825\" data-id=\"3442825\" data-element_type=\"column\">\n\t\t\t<div class=\"elementor-column-wrap\">\n\t\t\t\t\t\t\t<div class=\"elementor-widget-wrap\">\n\t\t\t\t\t\t\t\t<\/div>\n\t\t\t\t\t<\/div>\n\t\t<\/div>\n\t\t\t\t\t\t\t\t<\/div>\n\t\t\t\t\t<\/div>\n\t\t<\/section>\n\t\t\t\t\t\t<\/div>\n\t\t\t\t\t\t<\/div>\n\t\t\t\t\t<\/div>\n\t\t","protected":false},"excerpt":{"rendered":"<p>REPRESENTACI\u00d3 COMERCIAL &#038; RRPP PREMIUM Representaci\u00f3 Comercial Estrat\u00e8gica Actuem com a ambaixadors de destinacions i marques del Turimo, Turismo Deportivo &amp; Hospitality. La nostra representaci\u00f3 combina xarxa internacional, coneixement profund del sector i una pres\u00e8ncia comercial d&#8217;alt n\u00e9l orientada a resultats. Agendes Comerciales d&#8217;Alt Valor Dissenyem i gestionem agendes de negoci estrat\u00e8giques, tant presencials com [&hellip;]<\/p>\n","protected":false},"author":1,"featured_media":0,"parent":0,"menu_order":0,"comment_status":"closed","ping_status":"closed","template":"full-width.php","meta":[],"yoast_head":"<!-- This site is optimized with the Yoast SEO plugin v16.1.1 - https:\/\/yoast.com\/wordpress\/plugins\/seo\/ -->\n<title>Turisme Esportiu | Isabel Ju\u00e1rez<\/title>\n<meta name=\"description\" content=\"Organitzaci\u00f3 de turisme esportiu. Promoci\u00f3, comercialitzaci\u00f3 i desenvolupament dactivitats i esdeveniments esportius d\u00e8xit. Contacta ara sense cap comprom\u00eds.\" \/>\n<link rel=\"canonical\" href=\"https:\/\/ijuarez.com\/ca\/representacion-comercial-rrpp-premium\/\" \/>\n<meta property=\"og:locale\" content=\"ca_ES\" \/>\n<meta property=\"og:type\" content=\"article\" \/>\n<meta property=\"og:title\" content=\"Turisme Esportiu | Isabel Ju\u00e1rez\" \/>\n<meta property=\"og:description\" content=\"Organitzaci\u00f3 de turisme esportiu. Promoci\u00f3, comercialitzaci\u00f3 i desenvolupament dactivitats i esdeveniments esportius d\u00e8xit. Contacta ara sense cap comprom\u00eds.\" \/>\n<meta property=\"og:url\" content=\"https:\/\/ijuarez.com\/representacion-comercial-rrpp-premium\/\" \/>\n<meta property=\"og:site_name\" content=\"Isabel Ju\u00e1rez\" \/>\n<meta property=\"og:image\" content=\"https:\/\/ijuarez.com\/wp-content\/uploads\/2026\/04\/GRAND-TOUR-CATALUNYA.png\" \/>\n<meta name=\"twitter:card\" content=\"summary_large_image\" \/>\n<meta name=\"twitter:label1\" content=\"Temps estimat de lectura\">\n\t<meta name=\"twitter:data1\" content=\"1 minut\">\n<script type=\"application\/ld+json\" class=\"yoast-schema-graph\">{\"@context\":\"https:\/\/schema.org\",\"@graph\":[{\"@type\":\"WebSite\",\"@id\":\"https:\/\/ijuarez.com\/#website\",\"url\":\"https:\/\/ijuarez.com\/\",\"name\":\"Isabel Ju\\u00e1rez\",\"description\":\"Consultor\\u00eda Tur\\u00edstica\",\"potentialAction\":[{\"@type\":\"SearchAction\",\"target\":\"https:\/\/ijuarez.com\/?s={search_term_string}\",\"query-input\":\"required name=search_term_string\"}],\"inLanguage\":\"ca\"},{\"@type\":\"ImageObject\",\"@id\":\"https:\/\/ijuarez.com\/representacion-comercial-rrpp-premium\/#primaryimage\",\"inLanguage\":\"ca\",\"url\":\"https:\/\/ijuarez.com\/wp-content\/uploads\/2026\/04\/GRAND-TOUR-CATALUNYA.png\",\"contentUrl\":\"https:\/\/ijuarez.com\/wp-content\/uploads\/2026\/04\/GRAND-TOUR-CATALUNYA.png\",\"width\":2500,\"height\":1850},{\"@type\":\"WebPage\",\"@id\":\"https:\/\/ijuarez.com\/representacion-comercial-rrpp-premium\/#webpage\",\"url\":\"https:\/\/ijuarez.com\/representacion-comercial-rrpp-premium\/\",\"name\":\"Turisme Esportiu | Isabel Ju\\u00e1rez\",\"isPartOf\":{\"@id\":\"https:\/\/ijuarez.com\/#website\"},\"primaryImageOfPage\":{\"@id\":\"https:\/\/ijuarez.com\/representacion-comercial-rrpp-premium\/#primaryimage\"},\"datePublished\":\"2026-04-08T10:23:03+00:00\",\"dateModified\":\"2026-04-08T10:23:03+00:00\",\"description\":\"Organitzaci\\u00f3 de turisme esportiu. Promoci\\u00f3, comercialitzaci\\u00f3 i desenvolupament dactivitats i esdeveniments esportius d\\u00e8xit. Contacta ara sense cap comprom\\u00eds.\",\"breadcrumb\":{\"@id\":\"https:\/\/ijuarez.com\/representacion-comercial-rrpp-premium\/#breadcrumb\"},\"inLanguage\":\"ca\",\"potentialAction\":[{\"@type\":\"ReadAction\",\"target\":[\"https:\/\/ijuarez.com\/representacion-comercial-rrpp-premium\/\"]}]},{\"@type\":\"BreadcrumbList\",\"@id\":\"https:\/\/ijuarez.com\/representacion-comercial-rrpp-premium\/#breadcrumb\",\"itemListElement\":[{\"@type\":\"ListItem\",\"position\":1,\"item\":{\"@type\":\"WebPage\",\"@id\":\"https:\/\/ijuarez.com\/\",\"url\":\"https:\/\/ijuarez.com\/\",\"name\":\"Portada\"}},{\"@type\":\"ListItem\",\"position\":2,\"item\":{\"@type\":\"WebPage\",\"@id\":\"https:\/\/ijuarez.com\/representacion-comercial-rrpp-premium\/\",\"url\":\"https:\/\/ijuarez.com\/representacion-comercial-rrpp-premium\/\",\"name\":\"Presentaci\\u00f3 Comercial &#038; RRPP Premium\"}}]}]}<\/script>\n<!-- \/ Yoast SEO plugin. -->","_links":{"self":[{"href":"https:\/\/ijuarez.com\/ca\/wp-json\/wp\/v2\/pages\/2354"}],"collection":[{"href":"https:\/\/ijuarez.com\/ca\/wp-json\/wp\/v2\/pages"}],"about":[{"href":"https:\/\/ijuarez.com\/ca\/wp-json\/wp\/v2\/types\/page"}],"author":[{"embeddable":true,"href":"https:\/\/ijuarez.com\/ca\/wp-json\/wp\/v2\/users\/1"}],"replies":[{"embeddable":true,"href":"https:\/\/ijuarez.com\/ca\/wp-json\/wp\/v2\/comments?post=2354"}],"version-history":[{"count":1,"href":"https:\/\/ijuarez.com\/ca\/wp-json\/wp\/v2\/pages\/2354\/revisions"}],"predecessor-version":[{"id":2355,"href":"https:\/\/ijuarez.com\/ca\/wp-json\/wp\/v2\/pages\/2354\/revisions\/2355"}],"wp:attachment":[{"href":"https:\/\/ijuarez.com\/ca\/wp-json\/wp\/v2\/media?parent=2354"}],"curies":[{"name":"wp","href":"https:\/\/api.w.org\/{rel}","templated":true}]}}